{"id":1217,"date":"2024-04-18T10:54:53","date_gmt":"2024-04-18T10:54:53","guid":{"rendered":"https:\/\/www.caseselcastell.cat\/informacion\/"},"modified":"2024-06-06T10:19:07","modified_gmt":"2024-06-06T10:19:07","slug":"informacion","status":"publish","type":"page","link":"https:\/\/www.caseselcastell.cat\/es\/informacion\/","title":{"rendered":"Informaci\u00f3n"},"content":{"rendered":"<div class=\"wpb-content-wrapper\"><p>[vc_row full_width=\u00bbstretch_row_content\u00bb bg_type=\u00bbimage\u00bb parallax_style=\u00bbvcpb-default\u00bb bg_image_new=\u00bbid^1016|url^http:\/\/www.caseselcastell.cat\/wp-content\/uploads\/2024\/05\/Cases-el-castell_portada-info-2.webp|caption^null|alt^null|title^Cases el castell_portada info|description^null\u00bb bg_image_repeat=\u00bbno-repeat\u00bb bg_image_posiiton=\u00bb0px 5px\u00bb ult_hide_row=\u00bbult_hide_row_value\u00bb ult_hide_row_mobile=\u00bbmobile\u00bb ult_hide_row_mobile_large=\u00bbxl_mobile\u00bb css=\u00bb.vc_custom_1716918472334{margin-top: 0px !important;margin-bottom: 60px !important;padding-top: 0px !important;}\u00bb][vc_column css=\u00bb.vc_custom_1713351579730{margin-top: 0px !important;padding-top: 0px !important;}\u00bb][vc_empty_space height=\u00bb900&#8243;][\/vc_column][\/vc_row][vc_row full_width=\u00bbstretch_row_content_no_spaces\u00bb bg_type=\u00bbimage\u00bb parallax_style=\u00bbvcpb-default\u00bb bg_image_new=\u00bbid^1016|url^http:\/\/www.caseselcastell.cat\/wp-content\/uploads\/2024\/05\/Cases-el-castell_portada-info-2.webp|caption^null|alt^null|title^Cases el castell_portada info|description^null\u00bb bg_image_repeat=\u00bbno-repeat\u00bb ult_hide_row=\u00bbult_hide_row_value\u00bb ult_hide_row_large_screen=\u00bblarge_screen\u00bb ult_hide_row_desktop=\u00bbdesktop\u00bb ult_hide_row_tablet=\u00bbtablet\u00bb ult_hide_row_tablet_small=\u00bbxs_tablet\u00bb css=\u00bb.vc_custom_1716918480017{margin-top: 0px !important;padding-top: 0px !important;}\u00bb el_id=\u00bbm\u00f3vil\u00bb][vc_column css=\u00bb.vc_custom_1713351579730{margin-top: 0px !important;padding-top: 0px !important;}\u00bb][vc_empty_space height=\u00bb300&#8243;][\/vc_column][\/vc_row][vc_row ult_hide_row=\u00bbult_hide_row_value\u00bb ult_hide_row_mobile=\u00bbmobile\u00bb ult_hide_row_mobile_large=\u00bbxl_mobile\u00bb][vc_column css=\u00bb.vc_custom_1717491472244{margin-top: 20px !important;margin-bottom: 80px !important;}\u00bb offset=\u00bbvc_hidden-xs\u00bb][vc_column_text css_animation=\u00bbnone\u00bb css=\u00bb\u00bb]<\/p>\n<h1 class=\"p1\" style=\"text-align: center;\">4 Casas unifamiliares adosados \u200b\u200bcon jard\u00edn y aparcamiento<\/h1>\n<p>[\/vc_column_text][\/vc_column][\/vc_row][vc_row equal_height=\u00bbyes\u00bb ult_hide_row=\u00bbult_hide_row_value\u00bb ult_hide_row_mobile=\u00bbmobile\u00bb ult_hide_row_mobile_large=\u00bbxl_mobile\u00bb css=\u00bb.vc_custom_1717491598204{margin-top: 0px !important;}\u00bb][vc_column width=\u00bb1\/2&#8243; offset=\u00bbvc_hidden-xs\u00bb]<style type=\"text\/css\" data-type=\"the7_shortcodes-inline-css\">.shortcode-single-image-wrap.shortcode-single-image-dc3f252a90a4011d09a21956bf2fa9ea.enable-bg-rollover .rollover i,\n.shortcode-single-image-wrap.shortcode-single-image-dc3f252a90a4011d09a21956bf2fa9ea.enable-bg-rollover .rollover-video i {\n  background: -webkit-linear-gradient();\n  background: linear-gradient();\n}\n.shortcode-single-image-wrap.shortcode-single-image-dc3f252a90a4011d09a21956bf2fa9ea .rollover-icon {\n  font-size: 32px;\n  color: #ffffff;\n  min-width: 44px;\n  min-height: 44px;\n  line-height: 44px;\n  border-radius: 100px;\n  border-style: solid;\n  border-width: 0px;\n}\n.dt-icon-bg-on.shortcode-single-image-wrap.shortcode-single-image-dc3f252a90a4011d09a21956bf2fa9ea .rollover-icon {\n  background: rgba(255,255,255,0.3);\n  box-shadow: none;\n}<\/style><div class=\"shortcode-single-image-wrap shortcode-single-image-dc3f252a90a4011d09a21956bf2fa9ea alignnone  enable-bg-rollover dt-icon-bg-off\" style=\"margin-top:0px; margin-bottom:0px; margin-left:0px; margin-right:0px; width:500px;\"><div class=\"shortcode-single-image\"><div class=\"fancy-media-wrap  layzr-bg\" style=\"\"><img fetchpriority=\"high\" decoding=\"async\" class=\"preload-me lazy-load aspect\" src=\"data:image\/svg+xml,%3Csvg%20xmlns%3D&#39;http%3A%2F%2Fwww.w3.org%2F2000%2Fsvg&#39;%20viewBox%3D&#39;0%200%20500%20621&#39;%2F%3E\" data-src=\"https:\/\/www.caseselcastell.cat\/wp-content\/uploads\/2024\/05\/Cases-el-castell_4-cases-uni-ok-1-500x621.webp\" data-srcset=\"https:\/\/www.caseselcastell.cat\/wp-content\/uploads\/2024\/05\/Cases-el-castell_4-cases-uni-ok-1-500x621.webp 500w, https:\/\/www.caseselcastell.cat\/wp-content\/uploads\/2024\/05\/Cases-el-castell_4-cases-uni-ok-1.webp 754w\" loading=\"eager\" sizes=\"(max-width: 500px) 100vw, 500px\" width=\"500\" height=\"621\"  data-dt-location=\"https:\/\/www.caseselcastell.cat\/es\/informacio\/cases-el-castell_4-cases-uni-ok-2\/\" style=\"--ratio: 500 \/ 621;\" alt=\"\" \/><\/div><\/div><\/div>[vc_column_text css=\u00bb\u00bb]<\/p>\n<h4 style=\"text-align: center;\"><span style=\"color: #65803d;\">* Cualquiera de los materiales antes mencionados que, por motivos ajenos a nuestra voluntad, no est\u00e9 disponible, o no se pueda colocar, ser\u00e1 sustituido por uno de calidad equivalente.<\/span><br \/>\n<span style=\"color: #65803d;\">Queda a criterio de la Direcci\u00f3n Facultativa la realizaci\u00f3n de modificaciones en los elementos comunes de la promoci\u00f3n.<\/span><\/h4>\n<p>[\/vc_column_text][\/vc_column][vc_column width=\u00bb1\/2&#8243; offset=\u00bbvc_hidden-xs\u00bb][vc_column_text css=\u00bb\u00bb]<\/p>\n<h2 class=\"p1\">Precios de venta<\/h2>\n<p>[\/vc_column_text][vc_column_text css=\u00bb\u00bb]<\/p>\n<p class=\"p1\">Desde 325.000 \u20ac<\/p>\n<p>[\/vc_column_text][vc_column_text css=\u00bb\u00bb]<\/p>\n<h2 class=\"p1\">Condiciones de pago<\/h2>\n<p>[\/vc_column_text][vc_column_text css=\u00bb\u00bb]1) Reserva de 10.000 \u20ac + IVA<br \/>\n2) Tras 30 d\u00edas de la firma de la reserva, contrato de arras de un 10% del total, menos los 10.000\u20ac de reserva.<br \/>\n3) Con la cubierta de aguas de la vivienda, ampliaci\u00f3n de arras de un 10% del total.<br \/>\n4) 80% restante, en el momento de la compraventa.[\/vc_column_text][\/vc_column][\/vc_row][vc_row ult_hide_row=\u00bbult_hide_row_value\u00bb ult_hide_row_large_screen=\u00bblarge_screen\u00bb ult_hide_row_desktop=\u00bbdesktop\u00bb ult_hide_row_tablet=\u00bbtablet\u00bb ult_hide_row_tablet_small=\u00bbxs_tablet\u00bb el_id=\u00bbm\u00f3vil\u00bb][vc_column css=\u00bb.vc_custom_1717491495180{margin-top: 20px !important;margin-bottom: 80px !important;}\u00bb offset=\u00bbvc_hidden-lg vc_hidden-md vc_hidden-sm\u00bb][vc_column_text css_animation=\u00bbnone\u00bb css=\u00bb.vc_custom_1717491544206{margin-bottom: 0px !important;}\u00bb]<\/p>\n<h1 class=\"p1\" style=\"text-align: center;\">4 Casas unifamiliares adosados \u200b\u200bcon jard\u00edn y aparcamiento<\/h1>\n<p>[\/vc_column_text]<style type=\"text\/css\" data-type=\"the7_shortcodes-inline-css\">.shortcode-single-image-wrap.shortcode-single-image-dc3f252a90a4011d09a21956bf2fa9ea.enable-bg-rollover .rollover i,\n.shortcode-single-image-wrap.shortcode-single-image-dc3f252a90a4011d09a21956bf2fa9ea.enable-bg-rollover .rollover-video i {\n  background: -webkit-linear-gradient();\n  background: linear-gradient();\n}\n.shortcode-single-image-wrap.shortcode-single-image-dc3f252a90a4011d09a21956bf2fa9ea .rollover-icon {\n  font-size: 32px;\n  color: #ffffff;\n  min-width: 44px;\n  min-height: 44px;\n  line-height: 44px;\n  border-radius: 100px;\n  border-style: solid;\n  border-width: 0px;\n}\n.dt-icon-bg-on.shortcode-single-image-wrap.shortcode-single-image-dc3f252a90a4011d09a21956bf2fa9ea .rollover-icon {\n  background: rgba(255,255,255,0.3);\n  box-shadow: none;\n}<\/style><div class=\"shortcode-single-image-wrap shortcode-single-image-dc3f252a90a4011d09a21956bf2fa9ea alignnone  enable-bg-rollover dt-icon-bg-off\" style=\"margin-top:0px; margin-bottom:0px; margin-left:0px; margin-right:0px; width:500px;\"><div class=\"shortcode-single-image\"><div class=\"fancy-media-wrap  layzr-bg\" style=\"\"><img fetchpriority=\"high\" decoding=\"async\" class=\"preload-me lazy-load aspect\" src=\"data:image\/svg+xml,%3Csvg%20xmlns%3D&#39;http%3A%2F%2Fwww.w3.org%2F2000%2Fsvg&#39;%20viewBox%3D&#39;0%200%20500%20621&#39;%2F%3E\" data-src=\"https:\/\/www.caseselcastell.cat\/wp-content\/uploads\/2024\/05\/Cases-el-castell_4-cases-uni-ok-1-500x621.webp\" data-srcset=\"https:\/\/www.caseselcastell.cat\/wp-content\/uploads\/2024\/05\/Cases-el-castell_4-cases-uni-ok-1-500x621.webp 500w, https:\/\/www.caseselcastell.cat\/wp-content\/uploads\/2024\/05\/Cases-el-castell_4-cases-uni-ok-1.webp 754w\" loading=\"eager\" sizes=\"(max-width: 500px) 100vw, 500px\" width=\"500\" height=\"621\"  data-dt-location=\"https:\/\/www.caseselcastell.cat\/es\/informacio\/cases-el-castell_4-cases-uni-ok-2\/\" style=\"--ratio: 500 \/ 621;\" alt=\"\" \/><\/div><\/div><\/div>[vc_column_text css=\u00bb\u00bb]<\/p>\n<h4 style=\"text-align: center;\"><span style=\"color: #65803d;\">* Cualquiera de los materiales antes mencionados que, por motivos ajenos a nuestra voluntad, no est\u00e9 disponible, o no se pueda colocar, ser\u00e1 sustituido por uno de calidad equivalente.<\/span><br \/>\n<span style=\"color: #65803d;\">Queda a criterio de la Direcci\u00f3n Facultativa la realizaci\u00f3n de modificaciones en los elementos comunes de la promoci\u00f3n.<\/span><\/h4>\n<p>[\/vc_column_text][vc_column_text css=\u00bb\u00bb]<\/p>\n<h2 class=\"p1\">Precios de venta<\/h2>\n<p>[\/vc_column_text][vc_column_text css=\u00bb\u00bb]<\/p>\n<p class=\"p1\">Desde 325.000 \u20ac<\/p>\n<p>[\/vc_column_text][vc_column_text css=\u00bb\u00bb]<\/p>\n<h2 class=\"p1\">Condiciones de pago<\/h2>\n<p>[\/vc_column_text][vc_column_text css=\u00bb\u00bb]1) Reserva de 10.000 \u20ac + IVA<br \/>\n2) Tras 30 d\u00edas de la firma de la reserva, contrato de arras de un 10% del total, menos los 10.000\u20ac de reserva.<br \/>\n3) Con la cubierta de aguas de la vivienda, ampliaci\u00f3n de arras de un 10% del total.<br \/>\n4) 80% restante, en el momento de la compraventa.[\/vc_column_text][\/vc_column][\/vc_row]<\/p>\n<\/div>","protected":false},"excerpt":{"rendered":"<p>[vc_row full_width=\u00bbstretch_row_content\u00bb bg_type=\u00bbimage\u00bb parallax_style=\u00bbvcpb-default\u00bb bg_image_new=\u00bbid^1016|url^http:\/\/www.caseselcastell.cat\/wp-content\/uploads\/2024\/05\/Cases-el-castell_portada-info-2.webp|caption^null|alt^null|title^Cases el castell_portada info|description^null\u00bb bg_image_repeat=\u00bbno-repeat\u00bb bg_image_posiiton=\u00bb0px 5px\u00bb ult_hide_row=\u00bbult_hide_row_value\u00bb ult_hide_row_mobile=\u00bbmobile\u00bb ult_hide_row_mobile_large=\u00bbxl_mobile\u00bb css=\u00bb.vc_custom_1716918472334{margin-top: 0px !important;margin-bottom: 60px !important;padding-top: 0px !important;}\u00bb][vc_column css=\u00bb.vc_custom_1713351579730{margin-top: 0px !important;padding-top: 0px !important;}\u00bb][vc_empty_space height=\u00bb900&#8243;][\/vc_column][\/vc_row][vc_row full_width=\u00bbstretch_row_content_no_spaces\u00bb bg_type=\u00bbimage\u00bb parallax_style=\u00bbvcpb-default\u00bb bg_image_new=\u00bbid^1016|url^http:\/\/www.caseselcastell.cat\/wp-content\/uploads\/2024\/05\/Cases-el-castell_portada-info-2.webp|caption^null|alt^null|title^Cases el castell_portada info|description^null\u00bb bg_image_repeat=\u00bbno-repeat\u00bb ult_hide_row=\u00bbult_hide_row_value\u00bb ult_hide_row_large_screen=\u00bblarge_screen\u00bb ult_hide_row_desktop=\u00bbdesktop\u00bb ult_hide_row_tablet=\u00bbtablet\u00bb ult_hide_row_tablet_small=\u00bbxs_tablet\u00bb css=\u00bb.vc_custom_1716918480017{margin-top: 0px !important;padding-top: 0px !important;}\u00bb el_id=\u00bbm\u00f3vil\u00bb][vc_column css=\u00bb.vc_custom_1713351579730{margin-top: 0px !important;padding-top: 0px !important;}\u00bb][vc_empty_space height=\u00bb300&#8243;][\/vc_column][\/vc_row][vc_row ult_hide_row=\u00bbult_hide_row_value\u00bb ult_hide_row_mobile=\u00bbmobile\u00bb ult_hide_row_mobile_large=\u00bbxl_mobile\u00bb][vc_column&hellip;<\/p>\n","protected":false},"author":3,"featured_media":0,"parent":0,"menu_order":0,"comment_status":"closed","ping_status":"closed","template":"","meta":{"_joinchat":[],"footnotes":""},"class_list":["post-1217","page","type-page","status-publish","hentry","description-off"],"_links":{"self":[{"href":"https:\/\/www.caseselcastell.cat\/es\/wp-json\/wp\/v2\/pages\/1217","targetHints":{"allow":["GET"]}}],"collection":[{"href":"https:\/\/www.caseselcastell.cat\/es\/wp-json\/wp\/v2\/pages"}],"about":[{"href":"https:\/\/www.caseselcastell.cat\/es\/wp-json\/wp\/v2\/types\/page"}],"author":[{"embeddable":true,"href":"https:\/\/www.caseselcastell.cat\/es\/wp-json\/wp\/v2\/users\/3"}],"replies":[{"embeddable":true,"href":"https:\/\/www.caseselcastell.cat\/es\/wp-json\/wp\/v2\/comments?post=1217"}],"version-history":[{"count":2,"href":"https:\/\/www.caseselcastell.cat\/es\/wp-json\/wp\/v2\/pages\/1217\/revisions"}],"predecessor-version":[{"id":1219,"href":"https:\/\/www.caseselcastell.cat\/es\/wp-json\/wp\/v2\/pages\/1217\/revisions\/1219"}],"wp:attachment":[{"href":"https:\/\/www.caseselcastell.cat\/es\/wp-json\/wp\/v2\/media?parent=1217"}],"curies":[{"name":"wp","href":"https:\/\/api.w.org\/{rel}","templated":true}]}}